{"id":9,"date":"2026-04-20T20:28:37","date_gmt":"2026-04-20T20:28:37","guid":{"rendered":"https:\/\/www.paternite.org\/?page_id=9"},"modified":"2026-04-20T22:11:40","modified_gmt":"2026-04-20T22:11:40","slug":"accueil","status":"publish","type":"page","link":"https:\/\/www.paternite.org\/","title":{"rendered":"Accueil"},"content":{"rendered":"\n<div class=\"wp-block-group alignfull has-ast-global-color-5-background-color has-background is-layout-constrained wp-container-core-group-is-layout-1d9c306c wp-block-group-is-layout-constrained\" id=\"about\" style=\"padding-top:300px;padding-bottom:150px\">\n<div class=\"wp-block-media-text has-media-on-the-right is-stacked-on-mobile is-vertically-aligned-center\"><div class=\"wp-block-media-text__content\">\n<div class=\"inherit-container-width wp-block-group is-layout-constrained wp-container-core-group-is-layout-47ce07ec wp-block-group-is-layout-constrained\" style=\"padding-right:80px\">\n<h2 class=\"wp-block-heading\" style=\"padding-right:40px\">Nous b\u00e2tissons des p\u00e8res<\/h2>\n\n\n\n<p>\u00catre p\u00e8re constitue probablement la plus grande source de joie dans une vie d&rsquo;homme. <\/p>\n\n\n\n<p>\u00c9galement le plus grand d\u00e9fi. Un d\u00e9fi de transmission dans un monde qui bouge.<\/p>\n<\/div>\n\n\n\n<div style=\"height:40px\" aria-hidden=\"true\" class=\"wp-block-spacer\"><\/div>\n\n\n\n<div class=\"wp-block-buttons is-layout-flex wp-block-buttons-is-layout-flex\">\n<div class=\"wp-block-button\"><a class=\"wp-block-button__link wp-element-button\">Manifeste<\/a><\/div>\n<\/div>\n<\/div><figure class=\"wp-block-media-text__media\"><img loading=\"lazy\" decoding=\"async\" width=\"1024\" height=\"681\" src=\"http:\/\/www.paternite.org\/wp-content\/uploads\/2026\/04\/IMG_4408-e1776719479492-1024x681.jpeg\" alt=\"\" class=\"wp-image-57 size-full\" srcset=\"https:\/\/www.paternite.org\/wp-content\/uploads\/2026\/04\/IMG_4408-e1776719479492-1024x681.jpeg 1024w, https:\/\/www.paternite.org\/wp-content\/uploads\/2026\/04\/IMG_4408-e1776719479492-300x199.jpeg 300w, https:\/\/www.paternite.org\/wp-content\/uploads\/2026\/04\/IMG_4408-e1776719479492-768x510.jpeg 768w, https:\/\/www.paternite.org\/wp-content\/uploads\/2026\/04\/IMG_4408-e1776719479492-1536x1021.jpeg 1536w, https:\/\/www.paternite.org\/wp-content\/uploads\/2026\/04\/IMG_4408-e1776719479492.jpeg 2028w\" sizes=\"auto, (max-width: 1024px) 100vw, 1024px\" \/><\/figure><\/div>\n<\/div>\n\n\n\n<h2 class=\"wp-block-heading\">Nos actions<\/h2>\n\n\n\n<div class=\"wp-block-group alignfull has-ast-global-color-5-background-color has-background is-layout-constrained wp-container-core-group-is-layout-3af37c58 wp-block-group-is-layout-constrained\" style=\"padding-top:0;padding-right:var(--wp--preset--spacing--80);padding-bottom:0px;padding-left:var(--wp--preset--spacing--80)\">\n<h2 class=\"wp-block-heading screen-reader-text\">What We Offer<\/h2>\n\n\n\n<div class=\"wp-block-columns are-vertically-aligned-top is-layout-flex wp-container-core-columns-is-layout-00723822 wp-block-columns-is-layout-flex\">\n<div class=\"wp-block-column is-vertically-aligned-top is-layout-flow wp-container-core-column-is-layout-6b73ce23 wp-block-column-is-layout-flow\">\n<figure class=\"wp-block-image size-full\"><img loading=\"lazy\" decoding=\"async\" width=\"1024\" height=\"559\" src=\"https:\/\/www.paternite.org\/wp-content\/uploads\/2026\/04\/conference.jpg\" alt=\"\" class=\"wp-image-77\" srcset=\"https:\/\/www.paternite.org\/wp-content\/uploads\/2026\/04\/conference.jpg 1024w, https:\/\/www.paternite.org\/wp-content\/uploads\/2026\/04\/conference-300x164.jpg 300w, https:\/\/www.paternite.org\/wp-content\/uploads\/2026\/04\/conference-768x419.jpg 768w\" sizes=\"auto, (max-width: 1024px) 100vw, 1024px\" \/><\/figure>\n\n\n\n<h3 class=\"wp-block-heading has-text-align-left\" style=\"margin-top:16px\">Conf\u00e9rences<\/h3>\n\n\n\n<p class=\"has-text-align-left\">Nos conf\u00e9rences sont destin\u00e9es soit \u00e0 une premi\u00e8re approche de la paternit\u00e9 destin\u00e9e soit \u00e0 des papas, soit des professionnels de l&rsquo;accompagnement.<\/p>\n<\/div>\n\n\n\n<div class=\"wp-block-column is-vertically-aligned-top is-layout-flow wp-container-core-column-is-layout-6b73ce23 wp-block-column-is-layout-flow\">\n<figure class=\"wp-block-image size-large\"><img loading=\"lazy\" decoding=\"async\" width=\"1024\" height=\"559\" src=\"https:\/\/www.paternite.org\/wp-content\/uploads\/2026\/04\/Gemini_Generated_Image_x5wpgqx5wpgqx5wp-1024x559.png\" alt=\"\" class=\"wp-image-78\" srcset=\"https:\/\/www.paternite.org\/wp-content\/uploads\/2026\/04\/Gemini_Generated_Image_x5wpgqx5wpgqx5wp-1024x559.png 1024w, https:\/\/www.paternite.org\/wp-content\/uploads\/2026\/04\/Gemini_Generated_Image_x5wpgqx5wpgqx5wp-300x164.png 300w, https:\/\/www.paternite.org\/wp-content\/uploads\/2026\/04\/Gemini_Generated_Image_x5wpgqx5wpgqx5wp-768x419.png 768w, https:\/\/www.paternite.org\/wp-content\/uploads\/2026\/04\/Gemini_Generated_Image_x5wpgqx5wpgqx5wp.png 1408w\" sizes=\"auto, (max-width: 1024px) 100vw, 1024px\" \/><\/figure>\n\n\n\n<h3 class=\"wp-block-heading has-text-align-left\" style=\"margin-top:16px\">Ateliers<\/h3>\n\n\n\n<p class=\"has-text-align-left\">De 2 \u00e0 6 heures, ces groupes d&rsquo;\u00e9changes compl\u00e9t\u00e9s par des apports permettent de s&rsquo;approprier sa paternit\u00e9 dans un cadre fraternel.<\/p>\n<\/div>\n\n\n\n<div class=\"wp-block-column is-vertically-aligned-top is-layout-flow wp-container-core-column-is-layout-6b73ce23 wp-block-column-is-layout-flow\">\n<figure class=\"wp-block-image size-large\"><img loading=\"lazy\" decoding=\"async\" width=\"1024\" height=\"559\" src=\"https:\/\/www.paternite.org\/wp-content\/uploads\/2026\/04\/Gemini_Generated_Image_yyk54cyyk54cyyk5-1024x559.png\" alt=\"\" class=\"wp-image-80\" srcset=\"https:\/\/www.paternite.org\/wp-content\/uploads\/2026\/04\/Gemini_Generated_Image_yyk54cyyk54cyyk5-1024x559.png 1024w, https:\/\/www.paternite.org\/wp-content\/uploads\/2026\/04\/Gemini_Generated_Image_yyk54cyyk54cyyk5-300x164.png 300w, https:\/\/www.paternite.org\/wp-content\/uploads\/2026\/04\/Gemini_Generated_Image_yyk54cyyk54cyyk5-768x419.png 768w, https:\/\/www.paternite.org\/wp-content\/uploads\/2026\/04\/Gemini_Generated_Image_yyk54cyyk54cyyk5.png 1408w\" sizes=\"auto, (max-width: 1024px) 100vw, 1024px\" \/><\/figure>\n\n\n\n<h3 class=\"wp-block-heading has-text-align-left\" style=\"margin-top:16px\">Parcours<\/h3>\n\n\n\n<p class=\"has-text-align-left\">Les parcours permettent un accompagnement dans la profondeur et de suivre pratiquement les \u00e9volutions de pratique.<\/p>\n<\/div>\n\n\n\n<div class=\"wp-block-column is-vertically-aligned-top is-layout-flow wp-container-core-column-is-layout-6b73ce23 wp-block-column-is-layout-flow\">\n<figure class=\"wp-block-image size-large\"><img loading=\"lazy\" decoding=\"async\" width=\"1024\" height=\"558\" src=\"https:\/\/www.paternite.org\/wp-content\/uploads\/2026\/04\/Gemini_Generated_Image_5dd7rn5dd7rn5dd71-1024x558.png\" alt=\"\" class=\"wp-image-82\" srcset=\"https:\/\/www.paternite.org\/wp-content\/uploads\/2026\/04\/Gemini_Generated_Image_5dd7rn5dd7rn5dd71-1024x558.png 1024w, https:\/\/www.paternite.org\/wp-content\/uploads\/2026\/04\/Gemini_Generated_Image_5dd7rn5dd7rn5dd71-300x164.png 300w, https:\/\/www.paternite.org\/wp-content\/uploads\/2026\/04\/Gemini_Generated_Image_5dd7rn5dd7rn5dd71-768x419.png 768w, https:\/\/www.paternite.org\/wp-content\/uploads\/2026\/04\/Gemini_Generated_Image_5dd7rn5dd7rn5dd71.png 1058w\" sizes=\"auto, (max-width: 1024px) 100vw, 1024px\" \/><\/figure>\n\n\n\n<h3 class=\"wp-block-heading has-text-align-left\" style=\"margin-top:16px\">Formation <\/h3>\n\n\n\n<p class=\"has-text-align-left\">Sur une journ\u00e9e, nous donnons une formation au sens m\u00eame de la paternit\u00e9. R\u00e9serv\u00e9 aux professionnels RH, Justice\/Police, m\u00e9diateurs et aidants sociaux.. <\/p>\n<\/div>\n<\/div>\n<\/div>\n\n\n\n<div class=\"wp-block-group alignfull is-layout-constrained wp-container-core-group-is-layout-98f69e98 wp-block-group-is-layout-constrained\" id=\"services\" style=\"padding-top:115px;padding-bottom:0px\">\n<h2 class=\"wp-block-heading\">Nos champs d&rsquo;intervention<\/h2>\n\n\n\n<div class=\"wp-block-columns is-layout-flex wp-container-core-columns-is-layout-60cbf9bb wp-block-columns-is-layout-flex\" style=\"margin-top:50px\">\n<div class=\"wp-block-column is-layout-flow wp-container-core-column-is-layout-6b73ce23 wp-block-column-is-layout-flow\">\n<figure class=\"wp-block-image size-full\"><img loading=\"lazy\" decoding=\"async\" width=\"1408\" height=\"768\" src=\"http:\/\/www.paternite.org\/wp-content\/uploads\/2026\/04\/Gemini_Generated_Image_32y3sr32y3sr32y3.png\" alt=\"\" class=\"wp-image-47\" srcset=\"https:\/\/www.paternite.org\/wp-content\/uploads\/2026\/04\/Gemini_Generated_Image_32y3sr32y3sr32y3.png 1408w, https:\/\/www.paternite.org\/wp-content\/uploads\/2026\/04\/Gemini_Generated_Image_32y3sr32y3sr32y3-300x164.png 300w, https:\/\/www.paternite.org\/wp-content\/uploads\/2026\/04\/Gemini_Generated_Image_32y3sr32y3sr32y3-1024x559.png 1024w, https:\/\/www.paternite.org\/wp-content\/uploads\/2026\/04\/Gemini_Generated_Image_32y3sr32y3sr32y3-768x419.png 768w\" sizes=\"auto, (max-width: 1408px) 100vw, 1408px\" \/><\/figure>\n\n\n\n<h3 class=\"wp-block-heading\" style=\"margin-top:16px\">Secteur Social<\/h3>\n\n\n\n<p>C&rsquo;est dans ce secteur que l&rsquo;on trouve les p\u00e8res les plus vuln\u00e9rables et fragilis\u00e9s. Ils ont besoin d&rsquo;aide pour s&rsquo;en sortir, une aide adapt\u00e9e \u00e0 leur r\u00e9alit\u00e9. Le lien avec les enfants s&rsquo;av\u00e8re \u00eatre un levier de r\u00e9engagement consid\u00e9rable pour les papas.  <\/p>\n<\/div>\n\n\n\n<div class=\"wp-block-column is-layout-flow wp-container-core-column-is-layout-6b73ce23 wp-block-column-is-layout-flow\">\n<figure class=\"wp-block-image size-full\"><img loading=\"lazy\" decoding=\"async\" width=\"1408\" height=\"768\" src=\"http:\/\/www.paternite.org\/wp-content\/uploads\/2026\/04\/Gemini_Generated_Image_qgnjqnqgnjqnqgnj.png\" alt=\"\" class=\"wp-image-50\" srcset=\"https:\/\/www.paternite.org\/wp-content\/uploads\/2026\/04\/Gemini_Generated_Image_qgnjqnqgnjqnqgnj.png 1408w, https:\/\/www.paternite.org\/wp-content\/uploads\/2026\/04\/Gemini_Generated_Image_qgnjqnqgnjqnqgnj-300x164.png 300w, https:\/\/www.paternite.org\/wp-content\/uploads\/2026\/04\/Gemini_Generated_Image_qgnjqnqgnjqnqgnj-1024x559.png 1024w, https:\/\/www.paternite.org\/wp-content\/uploads\/2026\/04\/Gemini_Generated_Image_qgnjqnqgnjqnqgnj-768x419.png 768w\" sizes=\"auto, (max-width: 1408px) 100vw, 1408px\" \/><\/figure>\n\n\n\n<h3 class=\"wp-block-heading\" style=\"margin-top:16px\">Secteur Priv\u00e9<\/h3>\n\n\n\n<p>Notre pr\u00e9sence dans le domaine de l&rsquo;entreprise r\u00e9pond \u00e0 une demande forte d&rsquo;\u00e9quilibre vie pro-vie perso pour les papas. Quand ils savent mieux quelles sont les attentes de l&rsquo;enfant, ils peuvent gagner en efficacit\u00e9 \u00e9ducative.<\/p>\n<\/div>\n<\/div>\n<\/div>\n\n\n\n<div class=\"wp-block-group alignfull is-layout-constrained wp-container-core-group-is-layout-3fee123f wp-block-group-is-layout-constrained\" id=\"whyus\" style=\"padding-top:144px;padding-bottom:144px\">\n<h2 class=\"wp-block-heading\">Pourquoi nous ?<\/h2>\n\n\n\n<div class=\"wp-block-columns is-layout-flex wp-container-core-columns-is-layout-29aadeec wp-block-columns-is-layout-flex\" style=\"margin-top:60px\">\n<div class=\"wp-block-column is-layout-flow wp-container-core-column-is-layout-6b73ce23 wp-block-column-is-layout-flow\">\n<figure class=\"wp-block-image size-large\"><img decoding=\"async\" src=\"https:\/\/www.paternite.org\/wp-content\/themes\/astra\/inc\/assets\/images\/starter-content\/professional.svg\" alt=\"\" class=\"wp-image-163\"\/><\/figure>\n\n\n\n<h3 class=\"wp-block-heading\" style=\"margin-top:16px\">Passionn\u00e9s<\/h3>\n\n\n\n<p>Nous adorons ce que nous faisons car nous le portons intens\u00e9ment dans notre c\u0153ur. Nous portons la passion du r\u00e9engagement des p\u00e8res. Que ce soit pour eux-m\u00eames ou pour les mamans, mais surtout pour les enfants. Nous croyons qu&rsquo;un papa heureux, c&rsquo;est toute la famille qui l&rsquo;est aussi.<\/p>\n<\/div>\n\n\n\n<div class=\"wp-block-column is-layout-flow wp-container-core-column-is-layout-6b73ce23 wp-block-column-is-layout-flow\">\n<figure class=\"wp-block-image size-large\"><img decoding=\"async\" src=\"https:\/\/www.paternite.org\/wp-content\/themes\/astra\/inc\/assets\/images\/starter-content\/support.svg\" alt=\"\" class=\"wp-image-164\"\/><\/figure>\n\n\n\n<h3 class=\"wp-block-heading\" style=\"margin-top:16px\">Professionnels<\/h3>\n\n\n\n<p>Notre approche, unique, se fonde sur les sciences humaines : anthropologie, philosophie, sociologie et psychologie. Elle s&rsquo;appuie sur une exp\u00e9rience unique aupr\u00e8s de milliers d&rsquo;hommes et de p\u00e8res. Nous avons, \u00e0 partir de cette exp\u00e9rience, b\u00e2ti un mod\u00e8le de paternit\u00e9 universelle. <\/p>\n<\/div>\n\n\n\n<div class=\"wp-block-column is-layout-flow wp-container-core-column-is-layout-6b73ce23 wp-block-column-is-layout-flow\">\n<figure class=\"wp-block-image size-large\"><img decoding=\"async\" src=\"https:\/\/www.paternite.org\/wp-content\/themes\/astra\/inc\/assets\/images\/starter-content\/passionate.svg\" alt=\"\" class=\"wp-image-162\"\/><\/figure>\n\n\n\n<h3 class=\"wp-block-heading\" style=\"margin-top:16px\">Nous aimons<\/h3>\n\n\n\n<p>Un des aspects de la paternit\u00e9 est la fid\u00e9lit\u00e9 dans l&rsquo;engagement. A vos c\u00f4t\u00e9s, nous sommes l\u00e0. Toujours. La paternit\u00e9 n&rsquo;est pas un sujet facile, au contraire il s&rsquo;agit d&rsquo;un sujet hautement sensible : trop d&rsquo;hommes et de femmes ont \u00e9t\u00e9 abim\u00e9es par des p\u00e8res d\u00e9faillants. Nous \u0153uvrons pour que cela se termine.<\/p>\n<\/div>\n<\/div>\n<\/div>\n\n\n\n<div class=\"wp-block-group alignfull has-background is-layout-constrained wp-container-core-group-is-layout-cfcca693 wp-block-group-is-layout-constrained\" id=\"contact\" style=\"background:linear-gradient(35deg,rgb(6,0,151) 0%,rgb(130,4,255) 64%,rgb(193,15,255) 98%);padding-top:104px;padding-bottom:104px\">\n<p class=\"has-text-align-center has-text-color\" style=\"color:#ffffff\">Nous avons con\u00e7u un guide pratique permettant aux p\u00e8res de comprendre les enjeux qui se jouent pour les enfants, et d&rsquo;exercer en confiance leur paternit\u00e9 symbolique. <\/p>\n\n\n\n<figure class=\"wp-block-image size-large\"><img loading=\"lazy\" decoding=\"async\" width=\"1024\" height=\"1024\" src=\"http:\/\/www.paternite.org\/wp-content\/uploads\/2026\/04\/IMG_4593-1024x1024.jpeg\" alt=\"\" class=\"wp-image-51\" srcset=\"https:\/\/www.paternite.org\/wp-content\/uploads\/2026\/04\/IMG_4593-1024x1024.jpeg 1024w, https:\/\/www.paternite.org\/wp-content\/uploads\/2026\/04\/IMG_4593-300x300.jpeg 300w, https:\/\/www.paternite.org\/wp-content\/uploads\/2026\/04\/IMG_4593-150x150.jpeg 150w, https:\/\/www.paternite.org\/wp-content\/uploads\/2026\/04\/IMG_4593-768x768.jpeg 768w, https:\/\/www.paternite.org\/wp-content\/uploads\/2026\/04\/IMG_4593-1536x1536.jpeg 1536w, https:\/\/www.paternite.org\/wp-content\/uploads\/2026\/04\/IMG_4593.jpeg 1772w\" sizes=\"auto, (max-width: 1024px) 100vw, 1024px\" \/><\/figure>\n\n\n\n<div class=\"wp-block-buttons alignwide is-horizontal is-content-justification-center is-layout-flex wp-container-core-buttons-is-layout-bba8380a wp-block-buttons-is-layout-flex\" style=\"margin-top:50px\">\n<div class=\"wp-block-button\"><a class=\"wp-block-button__link wp-element-button\">Acheter le guide \u00ab\u00a0\u00catre p\u00e8re\u00a0\u00bb<\/a><\/div>\n<\/div>\n<\/div>\n","protected":false},"excerpt":{"rendered":"<p>Nous b\u00e2tissons des p\u00e8res \u00catre p\u00e8re constitue probablement la plus grande source de joie dans une vie d&rsquo;homme. \u00c9galement le [&hellip;]<\/p>\n","protected":false},"author":1,"featured_media":0,"parent":0,"menu_order":0,"comment_status":"closed","ping_status":"closed","template":"","meta":{"site-sidebar-layout":"no-sidebar","site-content-layout":"plain-container","ast-site-content-layout":"default","site-content-style":"default","site-sidebar-style":"default","ast-global-header-display":"","ast-banner-title-visibility":"","ast-main-header-display":"","ast-hfb-above-header-display":"","ast-hfb-below-header-display":"","ast-hfb-mobile-header-display":"","site-post-title":"disabled","ast-breadcrumbs-content":"","ast-featured-img":"","footer-sml-layout":"","ast-disable-related-posts":"","theme-transparent-header-meta":"enabled","adv-header-id-meta":"","stick-header-meta":"","header-above-stick-meta":"","header-main-stick-meta":"","header-below-stick-meta":"","astra-migrate-meta-layouts":"default","ast-page-background-enabled":"default","ast-page-background-meta":{"desktop":{"background-color":"var(--ast-global-color-5)","background-image":"","background-repeat":"repeat","background-position":"center center","background-size":"auto","background-attachment":"scroll","background-type":"","background-media":"","overlay-type":"","overlay-color":"","overlay-opacity":"","overlay-gradient":""},"tablet":{"background-color":"","background-image":"","background-repeat":"repeat","background-position":"center center","background-size":"auto","background-attachment":"scroll","background-type":"","background-media":"","overlay-type":"","overlay-color":"","overlay-opacity":"","overlay-gradient":""},"mobile":{"background-color":"","background-image":"","background-repeat":"repeat","background-position":"center center","background-size":"auto","background-attachment":"scroll","background-type":"","background-media":"","overlay-type":"","overlay-color":"","overlay-opacity":"","overlay-gradient":""}},"ast-content-background-meta":{"desktop":{"background-color":"var(--ast-global-color-4)","background-image":"","background-repeat":"repeat","background-position":"center center","background-size":"auto","background-attachment":"scroll","background-type":"","background-media":"","overlay-type":"","overlay-color":"","overlay-opacity":"","overlay-gradient":""},"tablet":{"background-color":"var(--ast-global-color-4)","background-image":"","background-repeat":"repeat","background-position":"center center","background-size":"auto","background-attachment":"scroll","background-type":"","background-media":"","overlay-type":"","overlay-color":"","overlay-opacity":"","overlay-gradient":""},"mobile":{"background-color":"var(--ast-global-color-4)","background-image":"","background-repeat":"repeat","background-position":"center center","background-size":"auto","background-attachment":"scroll","background-type":"","background-media":"","overlay-type":"","overlay-color":"","overlay-opacity":"","overlay-gradient":""}},"footnotes":""},"class_list":["post-9","page","type-page","status-publish","hentry"],"_links":{"self":[{"href":"https:\/\/www.paternite.org\/index.php\/wp-json\/wp\/v2\/pages\/9","targetHints":{"allow":["GET"]}}],"collection":[{"href":"https:\/\/www.paternite.org\/index.php\/wp-json\/wp\/v2\/pages"}],"about":[{"href":"https:\/\/www.paternite.org\/index.php\/wp-json\/wp\/v2\/types\/page"}],"author":[{"embeddable":true,"href":"https:\/\/www.paternite.org\/index.php\/wp-json\/wp\/v2\/users\/1"}],"replies":[{"embeddable":true,"href":"https:\/\/www.paternite.org\/index.php\/wp-json\/wp\/v2\/comments?post=9"}],"version-history":[{"count":27,"href":"https:\/\/www.paternite.org\/index.php\/wp-json\/wp\/v2\/pages\/9\/revisions"}],"predecessor-version":[{"id":83,"href":"https:\/\/www.paternite.org\/index.php\/wp-json\/wp\/v2\/pages\/9\/revisions\/83"}],"wp:attachment":[{"href":"https:\/\/www.paternite.org\/index.php\/wp-json\/wp\/v2\/media?parent=9"}],"curies":[{"name":"wp","href":"https:\/\/api.w.org\/{rel}","templated":true}]}}